{"id":135,"date":"2014-03-28T14:58:00","date_gmt":"2014-03-28T13:58:00","guid":{"rendered":"http:\/\/saskroeselare.be\/_\/?page_id=135"},"modified":"2026-04-02T16:37:05","modified_gmt":"2026-04-02T14:37:05","slug":"kalender","status":"publish","type":"page","link":"https:\/\/www.saskroeselare.be\/_\/info\/kalender\/","title":{"rendered":"kalender"},"content":{"rendered":"<div class=\"wpb-content-wrapper\"><p>[vc_row][vc_column][vc_column_text css=&#8221;&#8221;]<\/p>\n<h3>Schoolkalender &amp; vakanties 2025-2026<\/h3>\n<p>De lessen starten <strong>vanaf 1 september<\/strong> en lopen tot eind juni.<\/p>\n<p>Er zijn <strong>g\u00e9\u00e9n lessen tijdens de schoolvakanties en op een feestdag<\/strong>.<br \/>\nDe eerste zaterdag, net v\u00f3\u00f3r een schoolvakantie (die officieel de maandag pas begint), is er w\u00e9l nog les!<\/p>\n<p>Download hier <a href=\"https:\/\/www.saskroeselare.be\/downloads\/Schoolkalender-2025-2026.pdf\">de schoolkalender 2025-2026 in PDF.<\/a>[\/vc_column_text][\/vc_column][\/vc_row][vc_row][vc_column][vc_single_image image=&#8221;30285&#8243; img_size=&#8221;full&#8221; alignment=&#8221;center&#8221; css=&#8221;.vc_custom_1760532795533{margin-top: 50px !important;}&#8221;][\/vc_column][\/vc_row][vc_row css=&#8221;.vc_custom_1775140556528{margin-top: 50px !important;}&#8221;][vc_column][vc_column_text css=&#8221;&#8221;]<\/p>\n<h4>Preview schoolkalender 2026-2027<\/h4>\n<p>[\/vc_column_text][vc_single_image image=&#8221;30472&#8243; img_size=&#8221;full&#8221; alignment=&#8221;center&#8221; css=&#8221;.vc_custom_1775140523765{margin-top: 50px !important;}&#8221;][\/vc_column][\/vc_row]<\/p>\n<\/div>","protected":false},"excerpt":{"rendered":"<p>[vc_row][vc_column][vc_column_text css=&#8221;&#8221;] Schoolkalender &amp; vakanties 2025-2026 De lessen starten vanaf 1 september en lopen tot eind juni. Er zijn g\u00e9\u00e9n lessen tijdens de schoolvakanties en op een feestdag. De eerste zaterdag, net v\u00f3\u00f3r een schoolvakantie (die officieel de maandag pas begint), is er w\u00e9l nog les! Download hier de schoolkalender 2025-2026 in PDF.[\/vc_column_text][\/vc_column][\/vc_row][vc_row][vc_column][vc_single_image image=&#8221;30285&#8243; img_size=&#8221;full&#8221; [&hellip;]<\/p>\n","protected":false},"author":1,"featured_media":0,"parent":102,"menu_order":8,"comment_status":"closed","ping_status":"open","template":"","meta":{"footnotes":""},"class_list":["post-135","page","type-page","status-publish","hentry"],"_links":{"self":[{"href":"https:\/\/www.saskroeselare.be\/_\/wp-json\/wp\/v2\/pages\/135","targetHints":{"allow":["GET"]}}],"collection":[{"href":"https:\/\/www.saskroeselare.be\/_\/wp-json\/wp\/v2\/pages"}],"about":[{"href":"https:\/\/www.saskroeselare.be\/_\/wp-json\/wp\/v2\/types\/page"}],"author":[{"embeddable":true,"href":"https:\/\/www.saskroeselare.be\/_\/wp-json\/wp\/v2\/users\/1"}],"replies":[{"embeddable":true,"href":"https:\/\/www.saskroeselare.be\/_\/wp-json\/wp\/v2\/comments?post=135"}],"version-history":[{"count":15,"href":"https:\/\/www.saskroeselare.be\/_\/wp-json\/wp\/v2\/pages\/135\/revisions"}],"predecessor-version":[{"id":30474,"href":"https:\/\/www.saskroeselare.be\/_\/wp-json\/wp\/v2\/pages\/135\/revisions\/30474"}],"up":[{"embeddable":true,"href":"https:\/\/www.saskroeselare.be\/_\/wp-json\/wp\/v2\/pages\/102"}],"wp:attachment":[{"href":"https:\/\/www.saskroeselare.be\/_\/wp-json\/wp\/v2\/media?parent=135"}],"curies":[{"name":"wp","href":"https:\/\/api.w.org\/{rel}","templated":true}]}}