{"id":149,"date":"2014-03-28T15:16:11","date_gmt":"2014-03-28T14:16:11","guid":{"rendered":"http:\/\/saskroeselare.be\/_\/?page_id=149"},"modified":"2026-03-30T13:16:12","modified_gmt":"2026-03-30T11:16:12","slug":"verminderingstarieven","status":"publish","type":"page","link":"https:\/\/www.saskroeselare.be\/_\/info\/verminderingstarieven\/","title":{"rendered":"tarieven"},"content":{"rendered":"<h3>Tarieven schooljaar 2026-2027<\/h3>\n<table style=\"border-collapse: collapse; height: 170px;\" width=\"622\">\n<tbody>\n<tr>\n<th style=\"text-align: left;\">Leeftijd<br \/>\n(op 31-12-2026)<\/th>\n<th width=\"15%\">Basistarief<\/th>\n<th style=\"text-align: center;\" width=\"15%\">Verminderingstarief*<\/th>\n<th width=\"15%\">Bijkomende atelier<br \/>\n(2e optie)<\/th>\n<\/tr>\n<tr>\n<td style=\"text-align: left;\">jonger dan 18 jaar*<\/td>\n<td valign=\"top\">\u20ac 107<\/td>\n<td valign=\"top\">\u20ac 77<\/td>\n<td valign=\"top\">\u20ac 59<\/td>\n<\/tr>\n<tr>\n<td style=\"text-align: left;\">vanaf 18 tot 24 jaar<\/td>\n<td valign=\"top\"><\/td>\n<td valign=\"top\">\u20ac 194<\/td>\n<td valign=\"top\">\u20ac 171<\/td>\n<\/tr>\n<tr>\n<td style=\"text-align: left;\">vanaf 25 jaar<\/td>\n<td valign=\"top\">\u20ac 424<\/td>\n<td valign=\"top\">\u20ac 194<\/td>\n<td valign=\"top\">\u20ac 171<\/td>\n<\/tr>\n<\/tbody>\n<\/table>\n<p>* <em>Het inschrijvingsgeld is <strong>fiscaal aftrekbaar voor kinderen tot 14 jaar.<\/strong><\/em><\/p>\n<p>* Of je recht hebt op het <strong>verminderd tarief<\/strong> en hoe je dit kan aanvragen, lees je onder <a href=\"https:\/\/www.saskroeselare.be\/_\/voorwaardenverminderingstarief\/\">\u2018voorwaarden verminderingstarief\u2019<\/a>.\u00a0<strong>Let op:<\/strong>\u00a0alle attesten moeten op het secretariaat zijn\u00a0<strong>v\u00f3\u00f3r 30 september 2026<\/strong>.<\/p>\n<p><img loading=\"lazy\" decoding=\"async\" class=\"alignleft wp-image-29719\" src=\"\/_\/wp-content\/uploads\/2025\/04\/afbeelding-Vrijetijdspas-360x256.png\" alt=\"campagnebeeld Vrijetijdspas Roeselare\" width=\"100\" height=\"71\" srcset=\"https:\/\/www.saskroeselare.be\/_\/wp-content\/uploads\/2025\/04\/afbeelding-Vrijetijdspas-360x256.png 360w, https:\/\/www.saskroeselare.be\/_\/wp-content\/uploads\/2025\/04\/afbeelding-Vrijetijdspas.png 693w\" sizes=\"auto, (max-width: 100px) 100vw, 100px\" \/>Op vertoon van jouw geldige vrijetijdspas*, krijg je 50% korting op het inschrijvingsgeld \u00e9n kan je als Roeselaarnaar een materiaalkoffer voor jouw kind ontlenen tegen een waarborg van \u20ac 30.<br \/>\nWat een vrijetijdspas is en hoe je deze kan aanvragen, lees je op de <a href=\"https:\/\/www.roeselare.be\/vrije-tijd\/vrijetijdspas\">website van stad Roeselare<\/a>.<br \/>\n*\u00a0<em>De SASK aanvaardt de vrijetijdspas van Roeselare en Hooglede.<\/em><\/p>\n<h3><\/h3>\n<h3>Hoe betalen?<\/h3>\n<p>Bij de inschrijving kan er online betaald worden, per overschrijving of in de hoofdschool via bancontact (geen contante betalingen). Wij aanvaarden ook cultuurcheques van Edenred. Het inschrijvingsgeld moet <strong>ten laatste 30 september<\/strong> <strong>2026<\/strong>\u00a0worden betaald, houd wel rekening met de betaaltermijn vermeld op jouw factuur.<\/p>\n<p><strong>Gespreide betaling is mogelijk. <\/strong>Je mag jouw betaling zelf opsplitsen en spreiden, zolang het volledige bedrag uiterlijk 30 september 2026 is betaald. Vermeld bij elke deelbetaling dezelfde gestructureerde mededeling.<\/p>\n<p>De opleidingen <a href=\"\/_\/volwassenen\/juweelkunst\/\">Juweelkunst<\/a>\u00a0en <a href=\"\/_\/volwassenen\/videokunst-en-animatie\/\">Videokunst<\/a> kan je betalen met <strong>Vlaamse opleidingscheques<\/strong>. <b>(<\/b><a href=\"https:\/\/www.vlaanderen.be\/opleidingscheques-voor-werknemers#procedure\">Lees hier hoe je deze kan aanvragen)<\/a><b><br \/>\n<\/b><\/p>\n<h3>Wanneer heb je recht op het verminderingstarief?<\/h3>\n<ul>\n<li>Als een gezinslid ook les volgt aan de SASK (verminderingstarief wordt automatisch verrekend).<\/li>\n<li>Als jij of een gezinslid les volgt in een andere academie (bv. STAP Roeselare).<\/li>\n<li>Als je behoort tot \u00e9\u00e9n van de categorie\u00ebn voor verminderingstarief <a href=\"\/_\/voorwaardenverminderingstarief\/\">(zie overzichtslijst)<\/a><\/li>\n<\/ul>\n<h3>Hoe het verminderingsattest aanvragen?<\/h3>\n<p><strong>Bezorg ons ten laatste 30 september het correcte attest <\/strong>voor korting zoals <a href=\"\/_\/voorwaardenverminderingstarief\/\">in het overzicht<\/a> beschreven. De bewijsstukken kunnen zowel in <strong>schriftelijke als elektronische vorm, dus via e-mail, scan, foto<\/strong>\u2026 aan de academie bezorgd worden. De datum of periode op het attest moet overeenkomen met het moment van inschrijving of erna, maar ten laatste de maand september.<\/p>\n<p>Heb je ondertussen het basistarief betaald? Bezorg ons dan ook jouw rekeningnummer zodat we het verminderingstarief kunnen terugstorten.<\/p>\n<p><strong>Tip:\u00a0<\/strong><\/p>\n<ul>\n<li>een attest van gezinssamenstelling kan je meestal handig online aanvragen op het e-loket van je gemeente.<\/li>\n<li>een attest wegens werkloosheid vraag je aan via de site van <a href=\"https:\/\/www.vdab.be\/\">de VDAB<\/a>. Log in op <a href=\"https:\/\/www.vdab.be\/burgeraccount\/mijnloopbaan\/wachtwoord.html#\/deel1\">Mijn Loopbaan<\/a> en klik onderaan op de link &#8216;inschrijvingsgeld kunstonderwijs&#8217;. Kom je in aanmerking voor een vermindering, dan kan je het attest downloaden en printen. Kom je in aanmerking, maar kan je het attest niet downloaden via <a href=\"https:\/\/www.vdab.be\/burgeraccount\/mijnloopbaan\/wachtwoord.html#\/deel1\">Mijn loopbaan<\/a>? Bel naar het gratis nummer 0800 30 700 (elke werkdag van 8 tot 19 uur).<\/li>\n<\/ul>\n<h3>Wanneer korting aanvragen ?<\/h3>\n<p>Vraag jouw korting aan bij inschrijving of <strong><u>ten laatste in september<\/u><\/strong>. Ook als je reeds hebt betaald kan je nog een korting aanvragen. Je ontvangt dan het teveel betaalde van zodra je ons het attest bezorgt.<\/p>\n","protected":false},"excerpt":{"rendered":"<p>Tarieven schooljaar 2026-2027 Leeftijd (op 31-12-2026) Basistarief Verminderingstarief* Bijkomende atelier (2e optie) jonger dan 18 jaar* \u20ac 107 \u20ac 77 \u20ac 59 vanaf 18 tot 24 jaar \u20ac 194 \u20ac 171 vanaf 25 jaar \u20ac 424 \u20ac 194 \u20ac 171 * Het inschrijvingsgeld is fiscaal aftrekbaar voor kinderen tot 14 jaar. * Of je recht [&hellip;]<\/p>\n","protected":false},"author":1,"featured_media":0,"parent":102,"menu_order":14,"comment_status":"closed","ping_status":"closed","template":"","meta":{"footnotes":""},"class_list":["post-149","page","type-page","status-publish","hentry"],"_links":{"self":[{"href":"https:\/\/www.saskroeselare.be\/_\/wp-json\/wp\/v2\/pages\/149","targetHints":{"allow":["GET"]}}],"collection":[{"href":"https:\/\/www.saskroeselare.be\/_\/wp-json\/wp\/v2\/pages"}],"about":[{"href":"https:\/\/www.saskroeselare.be\/_\/wp-json\/wp\/v2\/types\/page"}],"author":[{"embeddable":true,"href":"https:\/\/www.saskroeselare.be\/_\/wp-json\/wp\/v2\/users\/1"}],"replies":[{"embeddable":true,"href":"https:\/\/www.saskroeselare.be\/_\/wp-json\/wp\/v2\/comments?post=149"}],"version-history":[{"count":40,"href":"https:\/\/www.saskroeselare.be\/_\/wp-json\/wp\/v2\/pages\/149\/revisions"}],"predecessor-version":[{"id":30466,"href":"https:\/\/www.saskroeselare.be\/_\/wp-json\/wp\/v2\/pages\/149\/revisions\/30466"}],"up":[{"embeddable":true,"href":"https:\/\/www.saskroeselare.be\/_\/wp-json\/wp\/v2\/pages\/102"}],"wp:attachment":[{"href":"https:\/\/www.saskroeselare.be\/_\/wp-json\/wp\/v2\/media?parent=149"}],"curies":[{"name":"wp","href":"https:\/\/api.w.org\/{rel}","templated":true}]}}