{"id":16,"date":"2014-03-28T09:01:47","date_gmt":"2014-03-28T08:01:47","guid":{"rendered":"http:\/\/saskroeselare.be\/_\/?page_id=16"},"modified":"2025-09-04T16:21:06","modified_gmt":"2025-09-04T14:21:06","slug":"analoge-fotokunst","status":"publish","type":"page","link":"https:\/\/www.saskroeselare.be\/_\/volwassenen\/aanbod\/analoge-fotokunst\/","title":{"rendered":"analoge fotokunst"},"content":{"rendered":"<div class=\"wpb-content-wrapper\"><p>[vc_row][vc_column width=&#8221;7\/12&#8243; css=&#8221;.vc_custom_1678461996142{margin-top: 30px !important;}&#8221;][vc_single_image image=&#8221;30268&#8243; img_size=&#8221;large&#8221; css=&#8221;.vc_custom_1756816467995{margin-bottom: 5px !important;}&#8221;][vc_masonry_media_grid element_width=&#8221;6&#8243; css=&#8221;&#8221; initial_loading_animation=&#8221;none&#8221; grid_id=&#8221;vc_gid:1756995628079-c53e129e-c948-5&#8243; include=&#8221;26564,26563&#8243;][\/vc_column][vc_column width=&#8221;5\/12&#8243;][vc_column_text css=&#8221;&#8221;]<\/p>\n<h3>Van lichtgevoelig materiaal tot eigen beeldtaal<\/h3>\n<p>In dit atelier keer je terug naar de <strong>essentie<\/strong><strong> van fotografie<\/strong><b>:<\/b> het werken met<b> <\/b><strong>licht, tijd en materiaal<\/strong><b>. <\/b>Je leert fotograferen met<b> <\/b><strong>persoonlijke begeleiding<\/strong><b>, <\/b>afgestemd op jouw eigen traject. Beginners en gevorderden cre\u00ebren samen een<b> <\/b><strong>inspirerende omgeving<\/strong><b> <\/b>waarin iedereen van elkaar leert.<b> <\/b><strong>Voorkennis is niet <\/strong><strong>nodig<\/strong><strong>.<\/strong><b><\/b><\/p>\n<p>Stap voor stap ontdek je je <strong>eigen beeldtaal en stijl<\/strong>, met aandacht voor <strong>authenticiteit, observatie, reflectie, selectie, <\/strong><strong>ambacht en presentatie<\/strong>. <strong>Beeldvorming, kadrering, licht en expressie<\/strong> staan centraal. Via opdrachten en aangereikte thema\u2019s die je persoonlijk invult, ontwikkel je zowel de <strong>technische<\/strong> als de <strong>inhoudelijke fundamenten<\/strong> van fotografie, in theorie en praktijk.<\/p>\n<p>Je werkt <strong>volledig analoog<\/strong>: van fotograferen en ontwikkelen tot het <strong>afdrukken van je beelden in de donkere kamer<\/strong><b>. <\/b>Daarnaast experimenteer je in de studio en donkere kamer en trekken we geregeld naar <strong>buiten<\/strong><b> <\/b>om te fotograferen.<\/p>\n<p>&nbsp;<\/p>\n<p>Wie wil, kan deze cursus<b> combineren met <strong>digitale fotokunst<\/strong><\/b>: \u00e9\u00e9n lesblok analoge fotografie en \u00e9\u00e9n lesblok digitale fotografie.<\/p>\n<p>Bekijk werken uit dit atelier op<a style=\"color: #41a62a; outline: 0px;\" href=\"https:\/\/www.saskbijou.be\/volwassenen\/category\/analoge-fotografie\/\" target=\"_blank\" rel=\"noopener\"> Saskbijou.be<\/a><img loading=\"lazy\" decoding=\"async\" class=\"alignnone wp-image-22627\" src=\"https:\/\/www.saskroeselare.be\/_\/wp-content\/uploads\/2020\/06\/SASKbijoux_voorlopig-01-300x300.jpg\" alt=\"\" width=\"75\" height=\"75\" srcset=\"https:\/\/www.saskroeselare.be\/_\/wp-content\/uploads\/2020\/06\/SASKbijoux_voorlopig-01-300x300.jpg 300w, https:\/\/www.saskroeselare.be\/_\/wp-content\/uploads\/2020\/06\/SASKbijoux_voorlopig-01-150x150.jpg 150w, https:\/\/www.saskroeselare.be\/_\/wp-content\/uploads\/2020\/06\/SASKbijoux_voorlopig-01-1024x1024.jpg 1024w, https:\/\/www.saskroeselare.be\/_\/wp-content\/uploads\/2020\/06\/SASKbijoux_voorlopig-01.jpg 1201w\" sizes=\"auto, (max-width: 75px) 100vw, 75px\" \/><\/p>\n<h5>Voor wie?<\/h5>\n<p>Iedereen vanaf 18 jaar kan deze opleiding volgen. Er is geen specifieke voorkennis vereist.<\/p>\n<h5>Wanneer?<\/h5>\n<p>Er zijn 2 leertrajecten mogelijk in deze optie, 1 les of 2 lessen per week.<br \/>\nJaarlijks kan je overschakelen van het ene naar het andere traject:<\/p>\n<ul>\n<li>5 leerjaren\u00a0 \u2013 2 lesmomenten\/week van 3u30min. \u2013 bij inschrijving kies je zelf jouw 2 lesmomenten<\/li>\n<li>10 leerjaren \u2013 1 lesmoment\/week van 3u30min.<\/li>\n<\/ul>\n<p>Na deze 5 of 10 jaar is een specialisatie mogelijk van 2 leerjaren aan 2 lesmomenten\/week van 3u30min. Een positief advies van de jury op het einde van de 4de graad geldt als toelatingsvoorwaarde tot de specialisatiegraad.<\/p>\n<p><a href=\"\/_\/volwassenen\/uurroosters\">Bekijk hier de uurroosters<\/a>.<\/p>\n<h5>Door wie?<\/h5>\n<p><a href=\"\/_\/volwassenen\/aanbod\/analoge-fotokunst\/leerkrachten\">Bekijk hier de leerkrachten<\/a>.<\/p>\n<h5>WAAR?<\/h5>\n<p><a href=\"\/_\/volwassenen\/locaties\/hoofdschool\">Bekijk hier de locaties<\/a>.<\/p>\n<h5>Inschrijven<strong><br \/>\n<\/strong><\/h5>\n<p>Meer info bij <a href=\"https:\/\/www.saskroeselare.be\/_\/info\/inschrijven\/\">inschrijvingen<\/a> en <a href=\"https:\/\/www.saskroeselare.be\/_\/info\/verminderingstarieven\/\">tarieven<\/a>[\/vc_column_text][\/vc_column][\/vc_row][vc_row css=&#8221;.vc_custom_1695903102037{margin-top: 30px !important;}&#8221;][vc_column][vc_column_text css=&#8221;.vc_custom_1695902676251{margin-bottom: 20px !important;}&#8221;]<\/p>\n<h3>Leerkrachten<\/h3>\n<p>[\/vc_column_text]<div class=\"qodef-shortcode qodef-m  qodef-team-list qodef-item-layout--info-on-hover  qodef-grid qodef-layout--columns  qodef-gutter--normal qodef-col-num--3 qodef-item-layout--info-on-hover qodef--no-bottom-space qodef-pagination--off qodef-responsive--predefined\" data-options=\"{&quot;plugin&quot;:&quot;boldlab_core&quot;,&quot;module&quot;:&quot;post-types\\\/team\\\/shortcodes&quot;,&quot;shortcode&quot;:&quot;team-list&quot;,&quot;post_type&quot;:&quot;team&quot;,&quot;next_page&quot;:&quot;2&quot;,&quot;behavior&quot;:&quot;columns&quot;,&quot;images_proportion&quot;:&quot;full&quot;,&quot;columns&quot;:&quot;3&quot;,&quot;space&quot;:&quot;normal&quot;,&quot;columns_responsive&quot;:&quot;predefined&quot;,&quot;columns_1440&quot;:&quot;3&quot;,&quot;columns_1366&quot;:&quot;3&quot;,&quot;columns_1024&quot;:&quot;3&quot;,&quot;columns_768&quot;:&quot;3&quot;,&quot;columns_680&quot;:&quot;3&quot;,&quot;columns_480&quot;:&quot;3&quot;,&quot;orderby&quot;:&quot;date&quot;,&quot;order&quot;:&quot;DESC&quot;,&quot;additional_params&quot;:&quot;tax&quot;,&quot;tax&quot;:&quot;team-category&quot;,&quot;tax_slug&quot;:&quot;analoge-fotokunst&quot;,&quot;layout&quot;:&quot;info-on-hover&quot;,&quot;title_tag&quot;:&quot;h3&quot;,&quot;pagination_type&quot;:&quot;no-pagination&quot;,&quot;loading_animation&quot;:&quot;no&quot;,&quot;object_class_name&quot;:&quot;BoldlabCoreTeamListShortcode&quot;,&quot;additional_query_args&quot;:{&quot;tax_query&quot;:[{&quot;taxonomy&quot;:&quot;team-category&quot;,&quot;field&quot;:&quot;slug&quot;,&quot;terms&quot;:&quot;analoge-fotokunst&quot;}]},&quot;item_classes&quot;:&quot;qodef-e qodef-grid-item&quot;}\">\n\t<div class=\"qodef-grid-inner clear\">\n\t\t<div class=\"qodef-e qodef-grid-item\">\n\t<div class=\"qodef-e-inner\">\n\t\t<div class=\"qodef-e-image\">\n\t\t\t\t<div class=\"qodef-e-media-image\">\n\t\t\t\t\t<img loading=\"lazy\" decoding=\"async\" width=\"500\" height=\"500\" src=\"https:\/\/www.saskroeselare.be\/_\/wp-content\/uploads\/2024\/07\/myrthefull.jpg\" class=\"attachment-full size-full wp-post-image\" alt=\"\" srcset=\"https:\/\/www.saskroeselare.be\/_\/wp-content\/uploads\/2024\/07\/myrthefull.jpg 500w, https:\/\/www.saskroeselare.be\/_\/wp-content\/uploads\/2024\/07\/myrthefull-300x300.jpg 300w, https:\/\/www.saskroeselare.be\/_\/wp-content\/uploads\/2024\/07\/myrthefull-150x150.jpg 150w\" sizes=\"auto, (max-width: 500px) 100vw, 500px\" \/>\t\t\t\t<\/div>\n\t\t<\/div>\n\t\t<div class=\"qodef-e-content\">\n\t\t\t<div class=\"qodef-e-content-inner\">\n\t\t\t\t\n\t\t\t\t<h3 itemprop=\"name\" class=\"qodef-e-title entry-title\" >\n\t\t\tMyrthe Vinck\t<\/h3>\t\t\t\t    <p class=\"qodef-e-role\">\n\t\t<b>leerkracht<\/b>\n\t\t<BR>Volwassenen<BR>- Analoge Fotokunst<BR>Kinderen<BR>- Muziek- en beeldinitiatie    <\/p>\n\t\t\t\t\t\t\t\t\t<div class=\"qodef-team-member-social-icons\">\n\t\t\t\t\t<a class=\"qodef-team-member-social-icon\" href=\"https:\/\/www.myrthevinck.com\" target=\"_blank\">\n\t\t\t\t<span class=\"qodef-icon-elegant-icons icon_globe-2\" ><\/span>\t\t\t<\/a>\n\t\t\t<\/div>\n\t\t\t<\/div>\n\t\t<\/div>\n\t<\/div>\n<\/div>\t<\/div>\n\t<\/div>[\/vc_column][\/vc_row]<\/p>\n<\/div>","protected":false},"excerpt":{"rendered":"<p>[vc_row][vc_column width=&#8221;7\/12&#8243; css=&#8221;.vc_custom_1678461996142{margin-top: 30px !important;}&#8221;][vc_single_image image=&#8221;30268&#8243; img_size=&#8221;large&#8221; css=&#8221;.vc_custom_1756816467995{margin-bottom: 5px !important;}&#8221;][vc_masonry_media_grid element_width=&#8221;6&#8243; css=&#8221;&#8221; initial_loading_animation=&#8221;none&#8221; grid_id=&#8221;vc_gid:1756995628079-c53e129e-c948-5&#8243; include=&#8221;26564,26563&#8243;][\/vc_column][vc_column width=&#8221;5\/12&#8243;][vc_column_text css=&#8221;&#8221;] Van lichtgevoelig materiaal tot eigen beeldtaal In dit atelier keer je terug naar de essentie van fotografie: het werken met licht, tijd en materiaal. Je leert fotograferen met persoonlijke begeleiding, afgestemd op jouw eigen traject. Beginners en gevorderden [&hellip;]<\/p>\n","protected":false},"author":1,"featured_media":26563,"parent":31,"menu_order":40,"comment_status":"closed","ping_status":"closed","template":"","meta":{"footnotes":""},"class_list":["post-16","page","type-page","status-publish","has-post-thumbnail","hentry"],"_links":{"self":[{"href":"https:\/\/www.saskroeselare.be\/_\/wp-json\/wp\/v2\/pages\/16","targetHints":{"allow":["GET"]}}],"collection":[{"href":"https:\/\/www.saskroeselare.be\/_\/wp-json\/wp\/v2\/pages"}],"about":[{"href":"https:\/\/www.saskroeselare.be\/_\/wp-json\/wp\/v2\/types\/page"}],"author":[{"embeddable":true,"href":"https:\/\/www.saskroeselare.be\/_\/wp-json\/wp\/v2\/users\/1"}],"replies":[{"embeddable":true,"href":"https:\/\/www.saskroeselare.be\/_\/wp-json\/wp\/v2\/comments?post=16"}],"version-history":[{"count":12,"href":"https:\/\/www.saskroeselare.be\/_\/wp-json\/wp\/v2\/pages\/16\/revisions"}],"predecessor-version":[{"id":30271,"href":"https:\/\/www.saskroeselare.be\/_\/wp-json\/wp\/v2\/pages\/16\/revisions\/30271"}],"up":[{"embeddable":true,"href":"https:\/\/www.saskroeselare.be\/_\/wp-json\/wp\/v2\/pages\/31"}],"wp:featuredmedia":[{"embeddable":true,"href":"https:\/\/www.saskroeselare.be\/_\/wp-json\/wp\/v2\/media\/26563"}],"wp:attachment":[{"href":"https:\/\/www.saskroeselare.be\/_\/wp-json\/wp\/v2\/media?parent=16"}],"curies":[{"name":"wp","href":"https:\/\/api.w.org\/{rel}","templated":true}]}}