{"id":67,"date":"2014-03-28T12:16:42","date_gmt":"2014-03-28T11:16:42","guid":{"rendered":"http:\/\/saskroeselare.be\/_\/?page_id=67"},"modified":"2025-05-12T15:37:41","modified_gmt":"2025-05-12T13:37:41","slug":"schilderkunst","status":"publish","type":"page","link":"https:\/\/www.saskroeselare.be\/_\/volwassenen\/aanbod\/schilderkunst\/","title":{"rendered":"schilderkunst"},"content":{"rendered":"<div class=\"wpb-content-wrapper\"><p>[vc_row][vc_column width=&#8221;7\/12&#8243; css=&#8221;.vc_custom_1680284487442{margin-top: 30px !important;}&#8221;][vc_single_image image=&#8221;26752&#8243; img_size=&#8221;large&#8221; css=&#8221;.vc_custom_1680284436102{margin-bottom: 5px !important;}&#8221;][vc_masonry_media_grid element_width=&#8221;6&#8243; grid_id=&#8221;vc_gid:1747056944575-8efcb38f-135e-6&#8243; include=&#8221;21452,21453,21454,21455,21456,21457,21458,21459,21460&#8243;][\/vc_column][vc_column width=&#8221;5\/12&#8243;][vc_column_text css=&#8221;&#8221;]<\/p>\n<h3>\u00c9\u00e9n van de oudste kunstvormen die wij kennen<\/h3>\n<p>&#8220;Men zou kunnen stellen dat de schilderkunst ontstond op het moment dat, lang geleden, een neanderthaler besloot zijn handdruk in natuurlijk pigment op een rotswand te drukken.<\/p>\n<p>Het zo nagelaten spoor gaf niet enkel het startsein voor de ontwikkeling van de kunsten, maar kan ook gezien worden als het moment waarop de vroege mens besefte dat hij door een simpele weergave van zijn leefwereld de tijd kon overstijgen.<\/p>\n<p>Ondertussen zijn de kunsten enorm ge\u00ebvolueerd en ook de schilderkunst, \u00e9\u00e9n van de oudste kunstvormen die wij kennen, heeft zich steeds aangepast, omgevormd en opnieuw uitgevonden.<br \/>\nWaar vroeger nog duidelijke stromingen te onderscheiden waren, blinken de hedendaagse kunsten vooral uit in het tentoonstellen van een ongekende vrijheid, waar alles kan, alles mag, niets moet.<\/p>\n<p>Natuurlijk brengt dit voor de kunstenaar en toeschouwer nieuwe problemen met zich mee, gaande van de keuzestress omtrent nieuwe media en materialen, tot stijlvormen en interpretatiemogelijkheden.<\/p>\n<p>Binnen het atelier schilderkunst worden de beeldende kunsten dan ook diepgaand onderzocht, zonder de leerling te beperken tot het label van de &#8220;hobbyist&#8221;, maar vanuit het standpunt van de kunstenaar in wording; een vakman die zijn stiel leert kennen, een kritische geest die openstaat voor vernieuwing en steeds nieuwe manieren zoekt om zichzelf uit te drukken.<\/p>\n<p>Om iedereen de kans te geven zich als schilder te ontwikkelen maken de twee ateliers schilderkunst gebruik van een traject waarbij er aandacht is voor elk individu, zodat elke leerling dezelfde kansen krijgt om te groeien als kunstenaar.<\/p>\n<p>Waar bij de beginners vooral de nadruk ligt op de kennismaking met de media en het uitbouwen van een stevige technische basis, verschuift de focus bij de gevorderden meer naar het uitbouwen van een zelfgekozen traject en het voeden van een kritische blik ten opzichte van het eigen werk en het werk van collega&#8217;s, ondersteund door het vakmanschap dat in de eerste jaren wordt opgebouwd.<\/p>\n<p>Omringd door professionals en leerlingen die zelf op zoek gaan naar hun eigen beeldtaal, maak je dan ook doorheen de opleiding op een systematische en overzichtelijke manier kennis met zowel de technische als inhoudelijke aspecten van het schilderen.<\/p>\n<p>De lessen kunstgeschiedenis, die als versterking van het artistieke onderzoek worden gegeven, zullen je niet enkel een besef van de geschiedenis van de kunsten bijbrengen, maar ook in staat stellen je eigen werk binnen het grotere geheel te kaderen en een open en kritische geest te voeden.<\/p>\n<p>Tot slot wordt de leerling de kans gegeven zich uitsluitend op het eigen werk, de eigen artistieke praktijk, te storten tijdens de specialisatiejaren.<\/p>\n<p>Deze specialisatiejaren worden echter in geen geval als eindpunt beschouwd, maar zien we meer als het begin van je eigen loopbaan als schilder, of die nu als amateur-, aspirant-, of professioneel kunstenaar verder loopt.<\/p>\n<p>Op deze manier kunnen we garanderen dat u, als leerling, doorheen de jaren zowel als technisch vakman en als kritische geest sterk in uw schoenen staat zodat u, wat misschien begon als hobby, kan uitbouwen tot een vruchtbare artistieke praktijk.&#8221;<\/p>\n<h6><strong>Begeleiding beginners<br \/>\n<\/strong><\/h6>\n<p>In de eerste jaren wordt er tijdens het begin van de opleiding enkele kortere lessen gegeven die vooral gericht zijn op de kennismaking met de schilderkunst, verschillende media, materialen en technieken.<br \/>\nEr wordt vooral gewerkt naar waarneming, waarbij perspectief, licht en schaduw, kleur, compositie, texturen,&#8230;aan bod komen.<br \/>\nDe leerlingen beginnen met de aanleg van een persoonlijke beeldbank, die zij gedurende de gehele opleiding verder dienen uit te bouwen en onderhouden. Deze blijft voor alle jaren belangrijk en zal naar de latere jaren toe steeds meer aan de basis liggen van het ontwerpen van het eigen werk. Het opbouwen van de beeldbank heeft als doel de leerlingen voldoende voeding te geven voor het artistiek proces, inspiratie op te doen, beeldbesef bij te brengen, en de leerkrachten een duidelijk beeld te geven van de interesses van de leerlingen.<br \/>\nDaarnaast krijgen de leerlingen ook vooropgestelde thema\u2019s en onderzoekt deze aan de hand van waarneming of eigen documentatie uit de beeldbank. Gaandeweg kunnen de leerlingen ervoor kiezen zoveel mogelijk verschillende onderwerpen te onderzoeken, maar ook om zich meer te richten op bepaalde onderwerpen, te herhalen, zoeken naar andere benaderingen of verwerkingen en onderwerpen naar keuze verder te onderzoeken.<\/p>\n<p>Bekijk werken uit dit atelier op<a style=\"color: #41a62a; outline: 0px;\" href=\"https:\/\/www.saskbijou.be\/volwassenen\/category\/schilderkunst\/\" target=\"_blank\" rel=\"noopener\"> Saskbijou.be<\/a><img loading=\"lazy\" decoding=\"async\" class=\"alignnone wp-image-22627\" src=\"https:\/\/www.saskroeselare.be\/_\/wp-content\/uploads\/2020\/06\/SASKbijoux_voorlopig-01-300x300.jpg\" alt=\"\" width=\"75\" height=\"75\" srcset=\"https:\/\/www.saskroeselare.be\/_\/wp-content\/uploads\/2020\/06\/SASKbijoux_voorlopig-01-300x300.jpg 300w, https:\/\/www.saskroeselare.be\/_\/wp-content\/uploads\/2020\/06\/SASKbijoux_voorlopig-01-150x150.jpg 150w, https:\/\/www.saskroeselare.be\/_\/wp-content\/uploads\/2020\/06\/SASKbijoux_voorlopig-01-1024x1024.jpg 1024w, https:\/\/www.saskroeselare.be\/_\/wp-content\/uploads\/2020\/06\/SASKbijoux_voorlopig-01.jpg 1201w\" sizes=\"auto, (max-width: 75px) 100vw, 75px\" \/><\/p>\n<h5>Voor wie?<\/h5>\n<p>Iedereen vanaf 18 jaar kan deze opleiding volgen. Er is geen specifieke voorkennis vereist.<\/p>\n<h5>Wanneer?<\/h5>\n<p>4u of 8u Atelier Schilderkunst<\/p>\n<p>Er zijn 2 leertrajecten mogelijk in deze optie, 1 les of 2 lessen per week. Jaarlijks kan je overschakelen van het ene naar het andere traject :<\/p>\n<ul>\n<li>5 leerjaren\u00a0 &#8211; 2 lesmomenten\/week van 3u30min. \u2013 bij inschrijving kies je zelf jouw 2 lesmomenten<\/li>\n<li>10 leerjaren \u2013 1 lesmoment\/week van 3u30min.<\/li>\n<\/ul>\n<p>Na deze 5 of 10 jaar is een specialisatie mogelijk van 2 leerjaren aan 2 lesmomenten\/week van 3u30min. Een positief advies van de jury op het einde van de 4de graad geldt als toelatingsvoorwaarde tot de specialisatiegraad.<\/p>\n<p><a href=\"\/_\/volwassenen\/uurroosters\">Bekijk hier de uurroosters<\/a>.<\/p>\n<h5>Door wie?<\/h5>\n<p><a href=\"\/_\/volwassenen\/aanbod\/schilderkunst\/leerkrachten\">Bekijk hier de leerkrachten<\/a>.<\/p>\n<h5>Waar?<\/h5>\n<p><a href=\"\/_\/volwassenen\/locaties\/hoofdschool\">Bekijk hier de locaties<\/a>.<\/p>\n<h5>Inschrijven<strong><br \/>\n<\/strong><\/h5>\n<p>Meer info bij <a href=\"https:\/\/www.saskroeselare.be\/_\/info\/inschrijven\/\">inschrijvingen<\/a> en <a href=\"https:\/\/www.saskroeselare.be\/_\/info\/verminderingstarieven\/\">tarieven<\/a>[\/vc_column_text][\/vc_column][\/vc_row][vc_row css=&#8221;.vc_custom_1695903727613{margin-top: 30px !important;}&#8221;][vc_column][vc_column_text css=&#8221;.vc_custom_1695903735448{margin-bottom: 20px !important;}&#8221;]<\/p>\n<h3>Leerkrachten<\/h3>\n<p>[\/vc_column_text]<div class=\"qodef-shortcode qodef-m  qodef-team-list qodef-item-layout--info-on-hover  qodef-grid qodef-layout--columns  qodef-gutter--normal qodef-col-num--3 qodef-item-layout--info-on-hover qodef--no-bottom-space qodef-pagination--off qodef-responsive--predefined\" data-options=\"{&quot;plugin&quot;:&quot;boldlab_core&quot;,&quot;module&quot;:&quot;post-types\\\/team\\\/shortcodes&quot;,&quot;shortcode&quot;:&quot;team-list&quot;,&quot;post_type&quot;:&quot;team&quot;,&quot;next_page&quot;:&quot;2&quot;,&quot;behavior&quot;:&quot;columns&quot;,&quot;images_proportion&quot;:&quot;full&quot;,&quot;columns&quot;:&quot;3&quot;,&quot;space&quot;:&quot;normal&quot;,&quot;columns_responsive&quot;:&quot;predefined&quot;,&quot;columns_1440&quot;:&quot;3&quot;,&quot;columns_1366&quot;:&quot;3&quot;,&quot;columns_1024&quot;:&quot;3&quot;,&quot;columns_768&quot;:&quot;3&quot;,&quot;columns_680&quot;:&quot;3&quot;,&quot;columns_480&quot;:&quot;3&quot;,&quot;orderby&quot;:&quot;date&quot;,&quot;order&quot;:&quot;DESC&quot;,&quot;additional_params&quot;:&quot;tax&quot;,&quot;tax&quot;:&quot;team-category&quot;,&quot;tax_slug&quot;:&quot;schilderkunst&quot;,&quot;layout&quot;:&quot;info-on-hover&quot;,&quot;title_tag&quot;:&quot;h3&quot;,&quot;pagination_type&quot;:&quot;no-pagination&quot;,&quot;loading_animation&quot;:&quot;no&quot;,&quot;object_class_name&quot;:&quot;BoldlabCoreTeamListShortcode&quot;,&quot;additional_query_args&quot;:{&quot;tax_query&quot;:[{&quot;taxonomy&quot;:&quot;team-category&quot;,&quot;field&quot;:&quot;slug&quot;,&quot;terms&quot;:&quot;schilderkunst&quot;}]},&quot;item_classes&quot;:&quot;qodef-e qodef-grid-item&quot;}\">\n\t<div class=\"qodef-grid-inner clear\">\n\t\t<div class=\"qodef-e qodef-grid-item\">\n\t<div class=\"qodef-e-inner\">\n\t\t<div class=\"qodef-e-image\">\n\t\t\t\t<div class=\"qodef-e-media-image\">\n\t\t\t\t\t<img loading=\"lazy\" decoding=\"async\" width=\"520\" height=\"520\" src=\"https:\/\/www.saskroeselare.be\/_\/wp-content\/uploads\/2023\/03\/christophe-balkje.jpg\" class=\"attachment-full size-full wp-post-image\" alt=\"\" srcset=\"https:\/\/www.saskroeselare.be\/_\/wp-content\/uploads\/2023\/03\/christophe-balkje.jpg 520w, https:\/\/www.saskroeselare.be\/_\/wp-content\/uploads\/2023\/03\/christophe-balkje-300x300.jpg 300w, https:\/\/www.saskroeselare.be\/_\/wp-content\/uploads\/2023\/03\/christophe-balkje-150x150.jpg 150w\" sizes=\"auto, (max-width: 520px) 100vw, 520px\" \/>\t\t\t\t<\/div>\n\t\t<\/div>\n\t\t<div class=\"qodef-e-content\">\n\t\t\t<div class=\"qodef-e-content-inner\">\n\t\t\t\t\n\t\t\t\t<h3 itemprop=\"name\" class=\"qodef-e-title entry-title\" >\n\t\t\tChristophe Denys\t<\/h3>\t\t\t\t    <p class=\"qodef-e-role\">\n\t\t<b>Leerkracht<\/b>\n\t\t<BR>Volwassenen<BR>- Schilderkunst    <\/p>\n\t\t\t\t\t\t\t\t\t\t\t<\/div>\n\t\t<\/div>\n\t<\/div>\n<\/div><div class=\"qodef-e qodef-grid-item\">\n\t<div class=\"qodef-e-inner\">\n\t\t<div class=\"qodef-e-image\">\n\t\t\t\t<div class=\"qodef-e-media-image\">\n\t\t\t\t\t<img loading=\"lazy\" decoding=\"async\" width=\"1000\" height=\"1003\" src=\"https:\/\/www.saskroeselare.be\/_\/wp-content\/uploads\/2023\/09\/Olivia-de-Hasque.jpg\" class=\"attachment-full size-full wp-post-image\" alt=\"\" srcset=\"https:\/\/www.saskroeselare.be\/_\/wp-content\/uploads\/2023\/09\/Olivia-de-Hasque.jpg 1000w, https:\/\/www.saskroeselare.be\/_\/wp-content\/uploads\/2023\/09\/Olivia-de-Hasque-299x300.jpg 299w, https:\/\/www.saskroeselare.be\/_\/wp-content\/uploads\/2023\/09\/Olivia-de-Hasque-150x150.jpg 150w\" sizes=\"auto, (max-width: 1000px) 100vw, 1000px\" \/>\t\t\t\t<\/div>\n\t\t<\/div>\n\t\t<div class=\"qodef-e-content\">\n\t\t\t<div class=\"qodef-e-content-inner\">\n\t\t\t\t\n\t\t\t\t<h3 itemprop=\"name\" class=\"qodef-e-title entry-title\" >\n\t\t\tOlivia de Hasque\t<\/h3>\t\t\t\t    <p class=\"qodef-e-role\">\n\t\t<b>Leerkracht<\/b>\n\t\t<BR>Volwassenen<BR>- Schilderkunst    <\/p>\n\t\t\t\t\t\t\t\t\t\t\t<\/div>\n\t\t<\/div>\n\t<\/div>\n<\/div><div class=\"qodef-e qodef-grid-item\">\n\t<div class=\"qodef-e-inner\">\n\t\t<div class=\"qodef-e-image\">\n\t\t\t\t<div class=\"qodef-e-media-image\">\n\t\t\t\t\t<img loading=\"lazy\" decoding=\"async\" width=\"1000\" height=\"1000\" src=\"https:\/\/www.saskroeselare.be\/_\/wp-content\/uploads\/2023\/03\/Tina.jpg\" class=\"attachment-full size-full wp-post-image\" alt=\"\" srcset=\"https:\/\/www.saskroeselare.be\/_\/wp-content\/uploads\/2023\/03\/Tina.jpg 1000w, https:\/\/www.saskroeselare.be\/_\/wp-content\/uploads\/2023\/03\/Tina-300x300.jpg 300w, https:\/\/www.saskroeselare.be\/_\/wp-content\/uploads\/2023\/03\/Tina-150x150.jpg 150w, https:\/\/www.saskroeselare.be\/_\/wp-content\/uploads\/2023\/03\/Tina-650x650.jpg 650w\" sizes=\"auto, (max-width: 1000px) 100vw, 1000px\" \/>\t\t\t\t<\/div>\n\t\t<\/div>\n\t\t<div class=\"qodef-e-content\">\n\t\t\t<div class=\"qodef-e-content-inner\">\n\t\t\t\t\n\t\t\t\t<h3 itemprop=\"name\" class=\"qodef-e-title entry-title\" >\n\t\t\tTina Feys\t<\/h3>\t\t\t\t    <p class=\"qodef-e-role\">\n\t\t<b>Leerkracht<\/b>\n\t\t<BR>Volwassenen<BR>- Schilderkunst<BR>Kinderen<BR>- Beeldatelier    <\/p>\n\t\t\t\t\t\t\t\t\t\t\t<\/div>\n\t\t<\/div>\n\t<\/div>\n<\/div>\t<\/div>\n\t<\/div>[\/vc_column][\/vc_row]<\/p>\n<\/div>","protected":false},"excerpt":{"rendered":"<p>[vc_row][vc_column width=&#8221;7\/12&#8243; css=&#8221;.vc_custom_1680284487442{margin-top: 30px !important;}&#8221;][vc_single_image image=&#8221;26752&#8243; img_size=&#8221;large&#8221; css=&#8221;.vc_custom_1680284436102{margin-bottom: 5px !important;}&#8221;][vc_masonry_media_grid element_width=&#8221;6&#8243; grid_id=&#8221;vc_gid:1747056944575-8efcb38f-135e-6&#8243; include=&#8221;21452,21453,21454,21455,21456,21457,21458,21459,21460&#8243;][\/vc_column][vc_column width=&#8221;5\/12&#8243;][vc_column_text css=&#8221;&#8221;] \u00c9\u00e9n van de oudste kunstvormen die wij kennen &#8220;Men zou kunnen stellen dat de schilderkunst ontstond op het moment dat, lang geleden, een neanderthaler besloot zijn handdruk in natuurlijk pigment op een rotswand te drukken. Het zo nagelaten spoor gaf [&hellip;]<\/p>\n","protected":false},"author":1,"featured_media":26752,"parent":31,"menu_order":140,"comment_status":"closed","ping_status":"closed","template":"","meta":{"footnotes":""},"class_list":["post-67","page","type-page","status-publish","has-post-thumbnail","hentry"],"_links":{"self":[{"href":"https:\/\/www.saskroeselare.be\/_\/wp-json\/wp\/v2\/pages\/67","targetHints":{"allow":["GET"]}}],"collection":[{"href":"https:\/\/www.saskroeselare.be\/_\/wp-json\/wp\/v2\/pages"}],"about":[{"href":"https:\/\/www.saskroeselare.be\/_\/wp-json\/wp\/v2\/types\/page"}],"author":[{"embeddable":true,"href":"https:\/\/www.saskroeselare.be\/_\/wp-json\/wp\/v2\/users\/1"}],"replies":[{"embeddable":true,"href":"https:\/\/www.saskroeselare.be\/_\/wp-json\/wp\/v2\/comments?post=67"}],"version-history":[{"count":4,"href":"https:\/\/www.saskroeselare.be\/_\/wp-json\/wp\/v2\/pages\/67\/revisions"}],"predecessor-version":[{"id":30063,"href":"https:\/\/www.saskroeselare.be\/_\/wp-json\/wp\/v2\/pages\/67\/revisions\/30063"}],"up":[{"embeddable":true,"href":"https:\/\/www.saskroeselare.be\/_\/wp-json\/wp\/v2\/pages\/31"}],"wp:featuredmedia":[{"embeddable":true,"href":"https:\/\/www.saskroeselare.be\/_\/wp-json\/wp\/v2\/media\/26752"}],"wp:attachment":[{"href":"https:\/\/www.saskroeselare.be\/_\/wp-json\/wp\/v2\/media?parent=67"}],"curies":[{"name":"wp","href":"https:\/\/api.w.org\/{rel}","templated":true}]}}